{"id":2581,"date":"2025-07-02T14:41:26","date_gmt":"2025-07-02T14:41:26","guid":{"rendered":"https:\/\/bigbox.net.br\/?page_id=2581"},"modified":"2025-07-02T14:44:25","modified_gmt":"2025-07-02T14:44:25","slug":"politica-de-privacidade","status":"publish","type":"page","link":"https:\/\/bigbox.net.br\/index.php\/politica-de-privacidade\/","title":{"rendered":"Pol\u00edtica de Privacidade"},"content":{"rendered":"\t\t<div data-elementor-type=\"wp-page\" data-elementor-id=\"2581\" class=\"elementor elementor-2581\" data-elementor-post-type=\"page\">\n\t\t\t\t<div class=\"elementor-element elementor-element-23b77e7 e-flex e-con-boxed e-con e-parent\" data-id=\"23b77e7\" data-element_type=\"container\" data-e-type=\"container\">\n\t\t\t\t\t<div class=\"e-con-inner\">\n\t\t\t\t<div class=\"elementor-element elementor-element-7518388 elementor-widget elementor-widget-heading\" data-id=\"7518388\" data-element_type=\"widget\" data-e-type=\"widget\" data-widget_type=\"heading.default\">\n\t\t\t\t<div class=\"elementor-widget-container\">\n\t\t\t\t\t<h2 class=\"elementor-heading-title elementor-size-default\">Pol\u00edtica de Privacidade<\/h2>\t\t\t\t<\/div>\n\t\t\t\t<\/div>\n\t\t\t\t\t<\/div>\n\t\t\t\t<\/div>\n\t\t<div class=\"elementor-element elementor-element-f4f47b6 e-flex e-con-boxed e-con e-parent\" data-id=\"f4f47b6\" data-element_type=\"container\" data-e-type=\"container\">\n\t\t\t\t\t<div class=\"e-con-inner\">\n\t\t\t\t<div class=\"elementor-element elementor-element-1df046c elementor-widget elementor-widget-text-editor\" data-id=\"1df046c\" data-element_type=\"widget\" data-e-type=\"widget\" data-widget_type=\"text-editor.default\">\n\t\t\t\t<div class=\"elementor-widget-container\">\n\t\t\t\t\t\t\t\t\t<p data-start=\"332\" data-end=\"699\">A Big Box Pl\u00e1sticos respeita a sua privacidade e est\u00e1 comprometida com a prote\u00e7\u00e3o dos dados pessoais dos usu\u00e1rios, clientes, parceiros e visitantes do nosso site. Esta Pol\u00edtica de Privacidade tem como objetivo esclarecer como coletamos, usamos, armazenamos e protegemos suas informa\u00e7\u00f5es, conforme a Lei Geral de Prote\u00e7\u00e3o de Dados Pessoais (Lei n\u00ba 13.709\/2018 \u2014 LGPD).<\/p><hr data-start=\"701\" data-end=\"704\" \/><h3 data-start=\"706\" data-end=\"741\"><strong data-start=\"710\" data-end=\"741\">1. Coleta de Dados Pessoais<\/strong><\/h3><p data-start=\"743\" data-end=\"927\">Coletamos dados pessoais de forma \u00e9tica e transparente, apenas quando necess\u00e1rio para viabilizar a navega\u00e7\u00e3o e os servi\u00e7os prestados. As informa\u00e7\u00f5es podem ser coletadas de duas formas:<\/p><p data-start=\"929\" data-end=\"966\"><strong data-start=\"929\" data-end=\"964\">1.1. Dados fornecidos por voc\u00ea:<\/strong><\/p><ul data-start=\"967\" data-end=\"1064\"><li data-start=\"967\" data-end=\"975\"><p data-start=\"969\" data-end=\"975\">Nome<\/p><\/li><li data-start=\"976\" data-end=\"986\"><p data-start=\"978\" data-end=\"986\">E-mail<\/p><\/li><li data-start=\"987\" data-end=\"999\"><p data-start=\"989\" data-end=\"999\">Telefone<\/p><\/li><li data-start=\"1000\" data-end=\"1011\"><p data-start=\"1002\" data-end=\"1011\">Empresa<\/p><\/li><li data-start=\"1012\" data-end=\"1064\"><p data-start=\"1014\" data-end=\"1064\">Informa\u00e7\u00f5es de contato via WhatsApp ou formul\u00e1rios<\/p><\/li><\/ul><p data-start=\"1066\" data-end=\"1109\"><strong data-start=\"1066\" data-end=\"1107\">1.2. Dados coletados automaticamente:<\/strong><\/p><ul data-start=\"1110\" data-end=\"1234\"><li data-start=\"1110\" data-end=\"1125\"><p data-start=\"1112\" data-end=\"1125\">Endere\u00e7o IP<\/p><\/li><li data-start=\"1126\" data-end=\"1154\"><p data-start=\"1128\" data-end=\"1154\">Informa\u00e7\u00f5es de navegador<\/p><\/li><li data-start=\"1155\" data-end=\"1179\"><p data-start=\"1157\" data-end=\"1179\">Cookies de navega\u00e7\u00e3o<\/p><\/li><li data-start=\"1180\" data-end=\"1212\"><p data-start=\"1182\" data-end=\"1212\">Tempo de perman\u00eancia no site<\/p><\/li><li data-start=\"1213\" data-end=\"1234\"><p data-start=\"1215\" data-end=\"1234\">P\u00e1ginas visitadas<\/p><\/li><\/ul><hr data-start=\"1236\" data-end=\"1239\" \/><h3 data-start=\"1241\" data-end=\"1279\"><strong data-start=\"1245\" data-end=\"1279\">2. Finalidade do Uso dos Dados<\/strong><\/h3><p data-start=\"1281\" data-end=\"1344\">Os dados coletados s\u00e3o utilizados com as seguintes finalidades:<\/p><ul data-start=\"1346\" data-end=\"1623\"><li data-start=\"1346\" data-end=\"1393\"><p data-start=\"1348\" data-end=\"1393\">Responder d\u00favidas e solicita\u00e7\u00f5es comerciais<\/p><\/li><li data-start=\"1394\" data-end=\"1427\"><p data-start=\"1396\" data-end=\"1427\">Enviar or\u00e7amentos e propostas<\/p><\/li><li data-start=\"1428\" data-end=\"1467\"><p data-start=\"1430\" data-end=\"1467\">Melhorar a experi\u00eancia de navega\u00e7\u00e3o<\/p><\/li><li data-start=\"1468\" data-end=\"1515\"><p data-start=\"1470\" data-end=\"1515\">Oferecer produtos e servi\u00e7os personalizados<\/p><\/li><li data-start=\"1516\" data-end=\"1580\"><p data-start=\"1518\" data-end=\"1580\">Realizar comunica\u00e7\u00f5es de marketing, com consentimento pr\u00e9vio<\/p><\/li><li data-start=\"1581\" data-end=\"1623\"><p data-start=\"1583\" data-end=\"1623\">Cumprir obriga\u00e7\u00f5es legais e regulat\u00f3rias<\/p><\/li><\/ul><hr data-start=\"1625\" data-end=\"1628\" \/><h3 data-start=\"1630\" data-end=\"1666\"><strong data-start=\"1634\" data-end=\"1666\">3. Compartilhamento de Dados<\/strong><\/h3><p data-start=\"1668\" data-end=\"1766\">A Big Box Pl\u00e1sticos <strong data-start=\"1688\" data-end=\"1743\">n\u00e3o compartilha, vende ou aluga seus dados pessoais<\/strong> com terceiros, exceto:<\/p><ul data-start=\"1768\" data-end=\"2003\"><li data-start=\"1768\" data-end=\"1855\"><p data-start=\"1770\" data-end=\"1855\">Quando necess\u00e1rio para execu\u00e7\u00e3o de servi\u00e7os contratados (ex: operadores log\u00edsticos)<\/p><\/li><li data-start=\"1856\" data-end=\"1915\"><p data-start=\"1858\" data-end=\"1915\">Em cumprimento de obriga\u00e7\u00f5es legais ou ordens judiciais<\/p><\/li><li data-start=\"1916\" data-end=\"2003\"><p data-start=\"1918\" data-end=\"2003\">Com prestadores de servi\u00e7o que atuam sob cl\u00e1usulas de confidencialidade e seguran\u00e7a<\/p><\/li><\/ul><hr data-start=\"2005\" data-end=\"2008\" \/><h3 data-start=\"2010\" data-end=\"2046\"><strong data-start=\"2014\" data-end=\"2046\">4. Armazenamento e Seguran\u00e7a<\/strong><\/h3><p data-start=\"2048\" data-end=\"2269\">Adotamos medidas t\u00e9cnicas e administrativas para proteger seus dados contra acessos n\u00e3o autorizados, vazamentos, perdas ou qualquer forma de tratamento inadequado. Os dados s\u00e3o armazenados em ambiente seguro e controlado.<\/p><hr data-start=\"2271\" data-end=\"2274\" \/><h3 data-start=\"2276\" data-end=\"2315\"><strong data-start=\"2280\" data-end=\"2315\">5. Direitos do Titular de Dados<\/strong><\/h3><p data-start=\"2317\" data-end=\"2370\">Voc\u00ea pode, a qualquer momento e mediante solicita\u00e7\u00e3o:<\/p><ul data-start=\"2372\" data-end=\"2618\"><li data-start=\"2372\" data-end=\"2426\"><p data-start=\"2374\" data-end=\"2426\">Confirmar a exist\u00eancia de tratamento de seus dados<\/p><\/li><li data-start=\"2427\" data-end=\"2458\"><p data-start=\"2429\" data-end=\"2458\">Acessar seus dados pessoais<\/p><\/li><li data-start=\"2459\" data-end=\"2507\"><p data-start=\"2461\" data-end=\"2507\">Corrigir dados incompletos ou desatualizados<\/p><\/li><li data-start=\"2508\" data-end=\"2576\"><p data-start=\"2510\" data-end=\"2576\">Solicitar a exclus\u00e3o ou anonimiza\u00e7\u00e3o dos dados, quando aplic\u00e1vel<\/p><\/li><li data-start=\"2577\" data-end=\"2618\"><p data-start=\"2579\" data-end=\"2618\">Revogar o consentimento de uso de dados<\/p><\/li><\/ul><p data-start=\"2620\" data-end=\"2712\">Para exercer seus direitos, envie uma solicita\u00e7\u00e3o para:<br data-start=\"2675\" data-end=\"2678\" \/>\ud83d\udce7 <strong data-start=\"3364\" data-end=\"3393\"><a class=\"cursor-pointer\" rel=\"noopener\" data-start=\"3366\" data-end=\"3391\">info@bigboxplasticos.com.br<\/a><\/strong><\/p><hr data-start=\"2714\" data-end=\"2717\" \/><h3 data-start=\"2719\" data-end=\"2767\"><strong data-start=\"2723\" data-end=\"2767\">6. Cookies e Tecnologias de Rastreamento<\/strong><\/h3><p data-start=\"2769\" data-end=\"2934\">Nosso site utiliza <strong data-start=\"2788\" data-end=\"2799\">cookies<\/strong> para melhorar o desempenho e a experi\u00eancia de navega\u00e7\u00e3o. Voc\u00ea pode desativ\u00e1-los a qualquer momento nas configura\u00e7\u00f5es do seu navegador.<\/p><hr data-start=\"2936\" data-end=\"2939\" \/><h3 data-start=\"2941\" data-end=\"2989\"><strong data-start=\"2945\" data-end=\"2989\">7. Altera\u00e7\u00f5es na Pol\u00edtica de Privacidade<\/strong><\/h3><p data-start=\"2991\" data-end=\"3217\">A Big Box Pl\u00e1sticos se reserva o direito de alterar esta pol\u00edtica a qualquer momento, mediante atualiza\u00e7\u00e3o nesta p\u00e1gina. Recomendamos que voc\u00ea revise periodicamente para estar sempre informado sobre como protegemos seus dados.<\/p><hr data-start=\"3219\" data-end=\"3222\" \/><h3 data-start=\"3224\" data-end=\"3242\"><strong data-start=\"3228\" data-end=\"3242\">8. Contato<\/strong><\/h3><p data-start=\"3244\" data-end=\"3359\">Em caso de d\u00favidas sobre esta Pol\u00edtica de Privacidade ou sobre como tratamos seus dados pessoais, entre em contato:<\/p><p data-start=\"3361\" data-end=\"3417\">\ud83d\udce7 <strong data-start=\"3364\" data-end=\"3393\"><a class=\"cursor-pointer\" rel=\"noopener\" data-start=\"3366\" data-end=\"3391\">info@bigboxplasticos.com.br<\/a><\/strong><br data-start=\"3393\" data-end=\"3396\" \/>\ud83d\udcde <strong data-start=\"3399\" data-end=\"3417\">(11) 2602-5050<\/strong><\/p><hr data-start=\"3419\" data-end=\"3422\" \/><p data-start=\"3424\" data-end=\"3500\"><strong data-start=\"3424\" data-end=\"3500\">Big Box Pl\u00e1sticos \u2014 Compromisso com sua privacidade e seguran\u00e7a digital.<\/strong><\/p>\t\t\t\t\t\t\t\t<\/div>\n\t\t\t\t<\/div>\n\t\t\t\t\t<\/div>\n\t\t\t\t<\/div>\n\t\t\t\t<\/div>\n\t\t","protected":false},"excerpt":{"rendered":"<p>Pol\u00edtica de Privacidade A Big Box Pl\u00e1sticos respeita a sua privacidade e est\u00e1 comprometida com a prote\u00e7\u00e3o dos dados pessoais dos usu\u00e1rios, clientes, parceiros e visitantes do nosso site. Esta Pol\u00edtica de Privacidade tem como objetivo esclarecer como coletamos, usamos, armazenamos e protegemos suas informa\u00e7\u00f5es, conforme a Lei Geral de Prote\u00e7\u00e3o de Dados Pessoais (Lei [&hellip;]<\/p>\n","protected":false},"author":5,"featured_media":0,"parent":0,"menu_order":0,"comment_status":"closed","ping_status":"closed","template":"elementor_header_footer","meta":{"_joinchat":[],"footnotes":""},"class_list":["post-2581","page","type-page","status-publish","hentry"],"aioseo_notices":[],"_links":{"self":[{"href":"https:\/\/bigbox.net.br\/index.php\/wp-json\/wp\/v2\/pages\/2581","targetHints":{"allow":["GET"]}}],"collection":[{"href":"https:\/\/bigbox.net.br\/index.php\/wp-json\/wp\/v2\/pages"}],"about":[{"href":"https:\/\/bigbox.net.br\/index.php\/wp-json\/wp\/v2\/types\/page"}],"author":[{"embeddable":true,"href":"https:\/\/bigbox.net.br\/index.php\/wp-json\/wp\/v2\/users\/5"}],"replies":[{"embeddable":true,"href":"https:\/\/bigbox.net.br\/index.php\/wp-json\/wp\/v2\/comments?post=2581"}],"version-history":[{"count":4,"href":"https:\/\/bigbox.net.br\/index.php\/wp-json\/wp\/v2\/pages\/2581\/revisions"}],"predecessor-version":[{"id":2585,"href":"https:\/\/bigbox.net.br\/index.php\/wp-json\/wp\/v2\/pages\/2581\/revisions\/2585"}],"wp:attachment":[{"href":"https:\/\/bigbox.net.br\/index.php\/wp-json\/wp\/v2\/media?parent=2581"}],"curies":[{"name":"wp","href":"https:\/\/api.w.org\/{rel}","templated":true}]}}