{"id":212,"date":"2023-01-10T11:16:35","date_gmt":"2023-01-10T11:16:35","guid":{"rendered":"http:\/\/bigbox.net.br\/?post_type=product&#038;p=212"},"modified":"2023-03-23T17:51:36","modified_gmt":"2023-03-23T17:51:36","slug":"caixa-plastica-empilhavel-modelo-1002","status":"publish","type":"product","link":"https:\/\/bigbox.net.br\/index.php\/product\/caixa-plastica-empilhavel-modelo-1002\/","title":{"rendered":"Caixa empilh\u00e1vel modelo 1002"},"content":{"rendered":"<h5>Principais caracter\u00edsticas<\/h5>\n<hr \/>\n<ul>\n<li><b>Volume<\/b>: 4,5 litros<\/li>\n<li><b>Tampa (opcional)<\/b>: TP1002<\/li>\n<li><b>Peso Aproximado<\/b>: 0,37 kg<\/li>\n<li><b>Material de confec\u00e7\u00e3o<\/b>: Polietileno<\/li>\n<\/ul>\n<h5>Dimens\u00f5es (mm)<\/h5>\n<hr \/>\n<p>[one_second][\/one_second][one_second]<\/p>\n<table>\n<tbody>\n<tr>\n<th colspan=\"2\" align=\"center\">Medidas Externas<\/th>\n<\/tr>\n<tr>\n<td>(A) Largura<\/td>\n<td>165<\/td>\n<\/tr>\n<tr>\n<td>(B) Profundidade<\/td>\n<td>320<\/td>\n<\/tr>\n<tr>\n<td>(C) Altura<\/td>\n<td>120<\/td>\n<\/tr>\n<tr>\n<th colspan=\"6\" align=\"center\">Medidas Internas<\/th>\n<\/tr>\n<tr>\n<td>(A) Largura<\/td>\n<td>135<\/td>\n<\/tr>\n<tr>\n<td>(B) Profundidade<\/td>\n<td>280<\/td>\n<\/tr>\n<tr>\n<td>(C) Altura<\/td>\n<td>115<\/td>\n<\/tr>\n<\/tbody>\n<\/table>\n<p>[\/one_second]<br \/>\n[one]<\/p>\n<h5>Garantia<\/h5>\n<hr \/>\n<p>Este produto possui 1 ano de garantia contra defeitos de fabrica\u00e7\u00e3o. Em caso de mau uso, intemperes naturais e transporte inadequado, este produto n\u00e3o ter\u00e1 cobertura pela garantia.<\/p>\n<p>[\/one]<\/p>\n","protected":false},"excerpt":{"rendered":"<p>&#8216;- <strong>Refer\u00eancia<\/strong>: 351<br \/>\n&#8211; <strong>Capacidade<\/strong>: 4 litros<br \/>\n&#8211; <strong>Dimens\u00f5es (mm)<\/strong>: 120 x 160 x 315<\/p>\n","protected":false},"featured_media":242,"comment_status":"open","ping_status":"closed","template":"","meta":{"_joinchat":[]},"product_brand":[],"product_cat":[18,19],"product_tag":[],"class_list":{"0":"post-212","1":"product","2":"type-product","3":"status-publish","4":"has-post-thumbnail","6":"product_cat-caixas","7":"product_cat-caixas-plasticas-fechadas","9":"first","10":"instock","11":"shipping-taxable","12":"product-type-simple"},"aioseo_notices":[],"_links":{"self":[{"href":"https:\/\/bigbox.net.br\/index.php\/wp-json\/wp\/v2\/product\/212","targetHints":{"allow":["GET"]}}],"collection":[{"href":"https:\/\/bigbox.net.br\/index.php\/wp-json\/wp\/v2\/product"}],"about":[{"href":"https:\/\/bigbox.net.br\/index.php\/wp-json\/wp\/v2\/types\/product"}],"replies":[{"embeddable":true,"href":"https:\/\/bigbox.net.br\/index.php\/wp-json\/wp\/v2\/comments?post=212"}],"version-history":[{"count":3,"href":"https:\/\/bigbox.net.br\/index.php\/wp-json\/wp\/v2\/product\/212\/revisions"}],"predecessor-version":[{"id":1331,"href":"https:\/\/bigbox.net.br\/index.php\/wp-json\/wp\/v2\/product\/212\/revisions\/1331"}],"wp:featuredmedia":[{"embeddable":true,"href":"https:\/\/bigbox.net.br\/index.php\/wp-json\/wp\/v2\/media\/242"}],"wp:attachment":[{"href":"https:\/\/bigbox.net.br\/index.php\/wp-json\/wp\/v2\/media?parent=212"}],"wp:term":[{"taxonomy":"product_brand","embeddable":true,"href":"https:\/\/bigbox.net.br\/index.php\/wp-json\/wp\/v2\/product_brand?post=212"},{"taxonomy":"product_cat","embeddable":true,"href":"https:\/\/bigbox.net.br\/index.php\/wp-json\/wp\/v2\/product_cat?post=212"},{"taxonomy":"product_tag","embeddable":true,"href":"https:\/\/bigbox.net.br\/index.php\/wp-json\/wp\/v2\/product_tag?post=212"}],"curies":[{"name":"wp","href":"https:\/\/api.w.org\/{rel}","templated":true}]}}