{"id":235,"date":"2023-01-10T11:16:36","date_gmt":"2023-01-10T11:16:36","guid":{"rendered":"http:\/\/bigbox.net.br\/?post_type=product&#038;p=235"},"modified":"2025-05-23T19:25:54","modified_gmt":"2025-05-23T19:25:54","slug":"caixa-plastica-com-tampa-bipartida-modelo-2110","status":"publish","type":"product","link":"https:\/\/bigbox.net.br\/index.php\/product\/caixa-plastica-com-tampa-bipartida-modelo-2110\/","title":{"rendered":"Caixa com Tampa Bipartida 2110: 1,25L"},"content":{"rendered":"<h2 data-sourcepos=\"3:1-3:72\">Caixa com Tampa Bipartida 2110: Seguran\u00e7a e Otimiza\u00e7\u00e3o para Log\u00edstica<\/h2>\n<p data-sourcepos=\"5:1-5:319\">A <strong>Caixa com Tampa Bipartida 2110<\/strong> da Big Box Pl\u00e1sticos \u00e9 a solu\u00e7\u00e3o ideal para otimizar a seguran\u00e7a e a efici\u00eancia em suas opera\u00e7\u00f5es. Com sua tampa agregada, ela \u00e9 resistente a impactos, \u00f3leo e varia\u00e7\u00f5es de temperatura. Assim, ela pode ser usada em ind\u00fastrias aliment\u00edcias, farmac\u00eauticas, eletr\u00f4nicas e muitas outras.<\/p>\n<h3 data-sourcepos=\"7:1-7:47\">Design Inovador para Sistemas Automatizados<\/h3>\n<p data-sourcepos=\"9:1-9:439\">Este modelo de caixa \u00e9 muito usada em sistemas automatizados e semiautomatizados na separa\u00e7\u00e3o de pedidos. Tamb\u00e9m s\u00e3o utilizadas em unidades de manuten\u00e7\u00e3o de estoque (SKU &#8211; Stock Keeping Unit) em armaz\u00e9ns de log\u00edstica. A <strong>Caixa com Tampa Bipartida 2110<\/strong> possui fundo antiderrapante e plano, o que garante um suave deslize em esteiras de roletes com baixo ru\u00eddo. Isso \u00e9 crucial para o bom funcionamento de linhas de produ\u00e7\u00e3o automatizadas.<\/p>\n<h3 data-sourcepos=\"11:1-11:45\">Seguran\u00e7a e Economia de Espa\u00e7o Essenciais<\/h3>\n<p data-sourcepos=\"13:1-13:469\">Com as caixas ALC (Attached Lid Containers), a seguran\u00e7a \u00e9 garantida por um sistema de lacres inviol\u00e1vel. Al\u00e9m disso, elas economizam espa\u00e7o de armazenagem quando vazias, otimizando o espa\u00e7o em at\u00e9 70%. Isso as torna ideais para log\u00edstica reversa e para manter um layout limpo na alimenta\u00e7\u00e3o de sistemas. Com um volume de 1,25 litros e pesando aproximadamente 0,2 kg, ela \u00e9 leve e pr\u00e1tica. O material de confec\u00e7\u00e3o \u00e9 Polipropileno, garantindo resist\u00eancia e durabilidade.<\/p>\n<h4 data-sourcepos=\"15:1-15:25\">Dimens\u00f5es e Garantia<\/h4>\n<p data-sourcepos=\"17:1-17:62\">Confira as dimens\u00f5es exatas para planejar seu uso e log\u00edstica:<\/p>\n<ul data-sourcepos=\"19:1-29:0\">\n<li data-sourcepos=\"19:1-22:26\"><strong>Medidas Externas:<\/strong>\n<ul data-sourcepos=\"20:5-22:26\">\n<li data-sourcepos=\"20:5-20:20\">Altura: 100 mm<\/li>\n<li data-sourcepos=\"21:5-21:21\">Largura: 130 mm<\/li>\n<li data-sourcepos=\"22:5-22:26\">Profundidade: 180 mm<\/li>\n<\/ul>\n<\/li>\n<li data-sourcepos=\"23:1-29:0\"><strong>Medidas Internas:<\/strong>\n<ul data-sourcepos=\"24:5-29:0\">\n<li data-sourcepos=\"24:5-24:19\">Altura: 85 mm<\/li>\n<li data-sourcepos=\"25:5-25:27\">Largura (Base): 90 mm<\/li>\n<li data-sourcepos=\"26:5-26:28\">Largura (Topo): 105 mm<\/li>\n<li data-sourcepos=\"27:5-27:33\">Profundidade (Base): 125 mm<\/li>\n<li data-sourcepos=\"28:5-29:0\">Profundidade (Topo): 145 mm<\/li>\n<\/ul>\n<\/li>\n<\/ul>\n<p data-sourcepos=\"30:1-30:151\">Este produto tem 1 ano de garantia contra defeitos de fabrica\u00e7\u00e3o. Contudo, a garantia n\u00e3o cobre mau uso, intemp\u00e9ries naturais ou transporte inadequado.<\/p>\n<p data-sourcepos=\"30:1-30:151\">REF: 25188<\/p>\n<p data-sourcepos=\"41:1-41:93\">Acompanhe a <a href=\"https:\/\/bigbox.net.br\/index.php\/produtos\/\">BIG BOX PL\u00c1STICOS<\/a> nas redes sociais e descubra conte\u00fados exclusivos e novidades!<\/p>\n<p data-sourcepos=\"41:1-41:93\"><a href=\"https:\/\/www.facebook.com\/bigboxplasticos\/\"><img decoding=\"async\" class=\"alignnone wp-image-1993 size-full\" src=\"https:\/\/bigbox.net.br\/wp-content\/uploads\/2023\/10\/facebook.png\" alt=\"\" width=\"32\" height=\"32\" \/><\/a> \u00a0<a href=\"https:\/\/www.instagram.com\/bigboxplasticos\/\"><img decoding=\"async\" class=\"alignnone wp-image-1994 size-full\" src=\"https:\/\/bigbox.net.br\/wp-content\/uploads\/2023\/10\/instagram.png\" alt=\"\" width=\"32\" height=\"32\" \/><\/a><\/p>\n<p>&nbsp;<\/p>\n<p>&nbsp;<\/p>\n","protected":false},"excerpt":{"rendered":"<p>&#8216;- <strong>Refer\u00eancia<\/strong>:<br \/>\n&#8211; <strong>Capacidade<\/strong>: 1,25 litros<br \/>\n&#8211; <strong>Dimens\u00f5es (mm)<\/strong>: 180 x 130 x 100<\/p>\n","protected":false},"featured_media":346,"comment_status":"open","ping_status":"closed","template":"","meta":{"_joinchat":[]},"product_brand":[],"product_cat":[18,20],"product_tag":[],"class_list":{"0":"post-235","1":"product","2":"type-product","3":"status-publish","4":"has-post-thumbnail","6":"product_cat-caixas","7":"product_cat-caixas-com-tampa-bipartida","9":"first","10":"instock","11":"shipping-taxable","12":"product-type-simple"},"aioseo_notices":[],"_links":{"self":[{"href":"https:\/\/bigbox.net.br\/index.php\/wp-json\/wp\/v2\/product\/235","targetHints":{"allow":["GET"]}}],"collection":[{"href":"https:\/\/bigbox.net.br\/index.php\/wp-json\/wp\/v2\/product"}],"about":[{"href":"https:\/\/bigbox.net.br\/index.php\/wp-json\/wp\/v2\/types\/product"}],"replies":[{"embeddable":true,"href":"https:\/\/bigbox.net.br\/index.php\/wp-json\/wp\/v2\/comments?post=235"}],"version-history":[{"count":5,"href":"https:\/\/bigbox.net.br\/index.php\/wp-json\/wp\/v2\/product\/235\/revisions"}],"predecessor-version":[{"id":2487,"href":"https:\/\/bigbox.net.br\/index.php\/wp-json\/wp\/v2\/product\/235\/revisions\/2487"}],"wp:featuredmedia":[{"embeddable":true,"href":"https:\/\/bigbox.net.br\/index.php\/wp-json\/wp\/v2\/media\/346"}],"wp:attachment":[{"href":"https:\/\/bigbox.net.br\/index.php\/wp-json\/wp\/v2\/media?parent=235"}],"wp:term":[{"taxonomy":"product_brand","embeddable":true,"href":"https:\/\/bigbox.net.br\/index.php\/wp-json\/wp\/v2\/product_brand?post=235"},{"taxonomy":"product_cat","embeddable":true,"href":"https:\/\/bigbox.net.br\/index.php\/wp-json\/wp\/v2\/product_cat?post=235"},{"taxonomy":"product_tag","embeddable":true,"href":"https:\/\/bigbox.net.br\/index.php\/wp-json\/wp\/v2\/product_tag?post=235"}],"curies":[{"name":"wp","href":"https:\/\/api.w.org\/{rel}","templated":true}]}}