{"id":315,"date":"2023-01-11T12:18:09","date_gmt":"2023-01-11T12:18:09","guid":{"rendered":"http:\/\/bigbox.net.br\/?post_type=product&#038;p=315"},"modified":"2025-05-22T14:56:58","modified_gmt":"2025-05-22T14:56:58","slug":"pallet-plastico-klt-com-140-x-1000-x-1200mm","status":"publish","type":"product","link":"https:\/\/bigbox.net.br\/index.php\/product\/pallet-plastico-klt-com-140-x-1000-x-1200mm\/","title":{"rendered":"Pallet KLT Refor\u00e7ado 1200x1000x140mm para Transporte"},"content":{"rendered":"<h2 class=\"\" data-start=\"414\" data-end=\"476\"><strong data-start=\"417\" data-end=\"476\">Pallet KLT Refor\u00e7ado para Transporte Seguro e Eficiente<\/strong><\/h2>\n<h3 class=\"\" data-start=\"478\" data-end=\"531\">Ideal para movimenta\u00e7\u00e3o e armazenamento de cargas<\/h3>\n<p class=\"\" data-start=\"533\" data-end=\"871\">O <strong data-start=\"535\" data-end=\"559\">Pallet KLT Refor\u00e7ado<\/strong> 1200x1000x140mm foi desenvolvido especialmente para garantir mais seguran\u00e7a e praticidade no transporte e armazenagem de produtos diversos. Ele \u00e9 compat\u00edvel com caixas padr\u00e3o KLT\/VDA, empilhadeiras e paleteiras, o que o torna uma escolha eficiente para centros de distribui\u00e7\u00e3o, ind\u00fastrias e armaz\u00e9ns log\u00edsticos.<\/p>\n<h3 class=\"\" data-start=\"873\" data-end=\"915\">Caracter\u00edsticas t\u00e9cnicas do Pallet KLT<\/h3>\n<h4 class=\"\" data-start=\"917\" data-end=\"950\">Material de alta resist\u00eancia<\/h4>\n<p class=\"\" data-start=\"952\" data-end=\"1145\">Este pallet \u00e9 injetado com polipropileno e polietileno de alta qualidade. Esses materiais s\u00e3o dur\u00e1veis e resistentes ao desgaste. Al\u00e9m disso, suportam bem a press\u00e3o e os impactos do uso di\u00e1rio.<\/p>\n<h4 class=\"\" data-start=\"1147\" data-end=\"1193\">Compat\u00edvel com empilhadeiras e paleteiras<\/h4>\n<p class=\"\" data-start=\"1195\" data-end=\"1388\">O Pallet KLT \u00e9 totalmente adaptado para manuseio com equipamentos industriais, como empilhadeiras e paleteiras manuais ou el\u00e9tricas. Isso facilita o transporte de cargas de forma \u00e1gil e segura.<\/p>\n<h4 class=\"\" data-start=\"1390\" data-end=\"1431\">Suporte perfeito para caixas KLT\/VDA<\/h4>\n<p class=\"\" data-start=\"1433\" data-end=\"1643\">Sua superf\u00edcie foi desenvolvida com encaixes ideais para fundos de caixas KLT, tamb\u00e9m conhecidas como caixas padr\u00e3o VDA. Essa compatibilidade garante estabilidade no empilhamento e no transporte de mercadorias.<\/p>\n<hr class=\"\" data-start=\"1645\" data-end=\"1648\" \/>\n<h2 class=\"\" data-start=\"1650\" data-end=\"1681\">Especifica\u00e7\u00f5es do Pallet KLT<\/h2>\n<h3 class=\"\" data-start=\"1683\" data-end=\"1703\">Dimens\u00f5es e peso<\/h3>\n<ul data-start=\"1704\" data-end=\"1761\">\n<li class=\"\" data-start=\"1704\" data-end=\"1741\">\n<p class=\"\" data-start=\"1706\" data-end=\"1741\"><strong data-start=\"1706\" data-end=\"1718\">Tamanho:<\/strong> 1200 x 1000 x 140 mm<\/p>\n<\/li>\n<li class=\"\" data-start=\"1742\" data-end=\"1761\">\n<p class=\"\" data-start=\"1744\" data-end=\"1761\"><strong data-start=\"1744\" data-end=\"1753\">Peso:<\/strong> 14 kg<\/p>\n<\/li>\n<\/ul>\n<h3 class=\"\" data-start=\"1763\" data-end=\"1786\">Capacidade de carga<\/h3>\n<ul data-start=\"1787\" data-end=\"1858\">\n<li class=\"\" data-start=\"1787\" data-end=\"1822\">\n<p class=\"\" data-start=\"1789\" data-end=\"1822\"><strong data-start=\"1789\" data-end=\"1808\">Carga est\u00e1tica:<\/strong> at\u00e9 4000 kg<\/p>\n<\/li>\n<li class=\"\" data-start=\"1823\" data-end=\"1858\">\n<p class=\"\" data-start=\"1825\" data-end=\"1858\"><strong data-start=\"1825\" data-end=\"1844\">Carga din\u00e2mica:<\/strong> at\u00e9 1500 kg<\/p>\n<\/li>\n<\/ul>\n<hr class=\"\" data-start=\"1860\" data-end=\"1863\" \/>\n<h2 class=\"\" data-start=\"1865\" data-end=\"1909\">Benef\u00edcios do uso do Pallet KLT Refor\u00e7ado<\/h2>\n<h3 class=\"\" data-start=\"1911\" data-end=\"1949\">Otimize seu espa\u00e7o e reduza custos<\/h3>\n<p class=\"\" data-start=\"1951\" data-end=\"2123\">Com seu formato padronizado e alta resist\u00eancia, o pallet permite empilhamento seguro. Isso ajuda a economizar espa\u00e7o no armazenamento e reduz o risco de danos aos produtos.<\/p>\n<h3 class=\"\" data-start=\"2125\" data-end=\"2157\">Mais efici\u00eancia na log\u00edstica<\/h3>\n<p class=\"\" data-start=\"2159\" data-end=\"2310\">Por ser compat\u00edvel com empilhadeiras e caixas padr\u00e3o, o manuseio das cargas torna-se mais r\u00e1pido. Isso resulta em processos log\u00edsticos mais produtivos.<\/p>\n<h3 class=\"\" data-start=\"2312\" data-end=\"2351\">Sustentabilidade e reaproveitamento<\/h3>\n<p class=\"\" data-start=\"2353\" data-end=\"2515\">Produzido com materiais pl\u00e1sticos resistentes, o Pallet KLT tem vida \u00fatil prolongada e pode ser reutilizado v\u00e1rias vezes, contribuindo para a redu\u00e7\u00e3o de res\u00edduos.<\/p>\n<hr class=\"\" data-start=\"2517\" data-end=\"2520\" \/>\n<h2 class=\"\" data-start=\"2522\" data-end=\"2534\">Conclus\u00e3o<\/h2>\n<p class=\"\" data-start=\"2536\" data-end=\"2873\">O <strong data-start=\"2538\" data-end=\"2562\">Pallet KLT Refor\u00e7ado<\/strong> 1200x1000x140mm \u00e9 uma solu\u00e7\u00e3o confi\u00e1vel e inteligente para o transporte e armazenamento de produtos. Com grande capacidade de carga, excelente compatibilidade com equipamentos industriais e caixas KLT\/VDA, ele \u00e9 ideal para empresas que buscam mais efici\u00eancia, seguran\u00e7a e durabilidade nas opera\u00e7\u00f5es log\u00edsticas.<\/p>\n<p data-start=\"2536\" data-end=\"2873\">REF: 25251<\/p>\n<p data-sourcepos=\"41:1-41:93\">Acompanhe a <a href=\"https:\/\/bigbox.net.br\/index.php\/produtos\/\">BIG BOX PL\u00c1STICOS<\/a> nas redes sociais e descubra conte\u00fados exclusivos e novidades!<\/p>\n<p data-sourcepos=\"41:1-41:93\"><a href=\"https:\/\/www.facebook.com\/bigboxplasticos\/\"><img decoding=\"async\" class=\"alignnone wp-image-1993 size-full\" src=\"https:\/\/bigbox.net.br\/wp-content\/uploads\/2023\/10\/facebook.png\" alt=\"\" width=\"32\" height=\"32\" \/><\/a> \u00a0<a href=\"https:\/\/www.instagram.com\/bigboxplasticos\/\"><img decoding=\"async\" class=\"alignnone wp-image-1994 size-full\" src=\"https:\/\/bigbox.net.br\/wp-content\/uploads\/2023\/10\/instagram.png\" alt=\"\" width=\"32\" height=\"32\" \/><\/a><\/p>\n<p>&nbsp;<\/p>\n<p>&nbsp;<\/p>\n","protected":false},"excerpt":{"rendered":"<h6><strong>Capacidade: 1500kg (carga din\u00e2mica)<\/strong><br \/>\n<strong>Dimens\u00f5es (mm):1200x1000x140<\/strong><\/h6>\n","protected":false},"featured_media":2413,"comment_status":"open","ping_status":"closed","template":"","meta":{"_joinchat":[]},"product_brand":[],"product_cat":[27],"product_tag":[],"class_list":{"0":"post-315","1":"product","2":"type-product","3":"status-publish","4":"has-post-thumbnail","6":"product_cat-pallets-plasticos","8":"first","9":"instock","10":"featured","11":"shipping-taxable","12":"product-type-simple"},"aioseo_notices":[],"_links":{"self":[{"href":"https:\/\/bigbox.net.br\/index.php\/wp-json\/wp\/v2\/product\/315","targetHints":{"allow":["GET"]}}],"collection":[{"href":"https:\/\/bigbox.net.br\/index.php\/wp-json\/wp\/v2\/product"}],"about":[{"href":"https:\/\/bigbox.net.br\/index.php\/wp-json\/wp\/v2\/types\/product"}],"replies":[{"embeddable":true,"href":"https:\/\/bigbox.net.br\/index.php\/wp-json\/wp\/v2\/comments?post=315"}],"version-history":[{"count":10,"href":"https:\/\/bigbox.net.br\/index.php\/wp-json\/wp\/v2\/product\/315\/revisions"}],"predecessor-version":[{"id":2208,"href":"https:\/\/bigbox.net.br\/index.php\/wp-json\/wp\/v2\/product\/315\/revisions\/2208"}],"wp:featuredmedia":[{"embeddable":true,"href":"https:\/\/bigbox.net.br\/index.php\/wp-json\/wp\/v2\/media\/2413"}],"wp:attachment":[{"href":"https:\/\/bigbox.net.br\/index.php\/wp-json\/wp\/v2\/media?parent=315"}],"wp:term":[{"taxonomy":"product_brand","embeddable":true,"href":"https:\/\/bigbox.net.br\/index.php\/wp-json\/wp\/v2\/product_brand?post=315"},{"taxonomy":"product_cat","embeddable":true,"href":"https:\/\/bigbox.net.br\/index.php\/wp-json\/wp\/v2\/product_cat?post=315"},{"taxonomy":"product_tag","embeddable":true,"href":"https:\/\/bigbox.net.br\/index.php\/wp-json\/wp\/v2\/product_tag?post=315"}],"curies":[{"name":"wp","href":"https:\/\/api.w.org\/{rel}","templated":true}]}}