{"id":383,"date":"2023-01-10T11:19:42","date_gmt":"2023-01-10T11:19:42","guid":{"rendered":"http:\/\/bigbox.net.br\/?post_type=product&#038;p=383"},"modified":"2023-03-23T17:26:39","modified_gmt":"2023-03-23T17:26:39","slug":"bandeja-plastica-modelo-611","status":"publish","type":"product","link":"https:\/\/bigbox.net.br\/index.php\/product\/bandeja-plastica-modelo-611\/","title":{"rendered":"Bandeja modelo 611"},"content":{"rendered":"<h4>Indica\u00e7\u00e3o de utiliza\u00e7\u00e3o<\/h4>\n<p>Uso geral, principalmente utilizada para transporte e acondicionamento na industria e comercio do setor aliment\u00edcio.<\/p>\n<h4>Principais caracter\u00edsticas<\/h4>\n<ul>\n<li>Confeccionado em PEAD &#8211; Polietileno de Alta Densidade<\/li>\n<li>Peso: 0,68kg<\/li>\n<li>Dimens\u00f5es (mm): 90 x 465 x 700<\/li>\n<\/ul>\n","protected":false},"excerpt":{"rendered":"<h6>Dimens\u00f5es (mm): 90 x 465 x 700<\/h6>\n","protected":false},"featured_media":482,"comment_status":"closed","ping_status":"closed","template":"","meta":{"_joinchat":[]},"product_brand":[],"product_cat":[29],"product_tag":[],"class_list":{"0":"post-383","1":"product","2":"type-product","3":"status-publish","4":"has-post-thumbnail","6":"product_cat-bandejas-plasticas","8":"first","9":"instock","10":"shipping-taxable","11":"product-type-simple"},"aioseo_notices":[],"_links":{"self":[{"href":"https:\/\/bigbox.net.br\/index.php\/wp-json\/wp\/v2\/product\/383","targetHints":{"allow":["GET"]}}],"collection":[{"href":"https:\/\/bigbox.net.br\/index.php\/wp-json\/wp\/v2\/product"}],"about":[{"href":"https:\/\/bigbox.net.br\/index.php\/wp-json\/wp\/v2\/types\/product"}],"replies":[{"embeddable":true,"href":"https:\/\/bigbox.net.br\/index.php\/wp-json\/wp\/v2\/comments?post=383"}],"version-history":[{"count":3,"href":"https:\/\/bigbox.net.br\/index.php\/wp-json\/wp\/v2\/product\/383\/revisions"}],"predecessor-version":[{"id":1301,"href":"https:\/\/bigbox.net.br\/index.php\/wp-json\/wp\/v2\/product\/383\/revisions\/1301"}],"wp:featuredmedia":[{"embeddable":true,"href":"https:\/\/bigbox.net.br\/index.php\/wp-json\/wp\/v2\/media\/482"}],"wp:attachment":[{"href":"https:\/\/bigbox.net.br\/index.php\/wp-json\/wp\/v2\/media?parent=383"}],"wp:term":[{"taxonomy":"product_brand","embeddable":true,"href":"https:\/\/bigbox.net.br\/index.php\/wp-json\/wp\/v2\/product_brand?post=383"},{"taxonomy":"product_cat","embeddable":true,"href":"https:\/\/bigbox.net.br\/index.php\/wp-json\/wp\/v2\/product_cat?post=383"},{"taxonomy":"product_tag","embeddable":true,"href":"https:\/\/bigbox.net.br\/index.php\/wp-json\/wp\/v2\/product_tag?post=383"}],"curies":[{"name":"wp","href":"https:\/\/api.w.org\/{rel}","templated":true}]}}