{"id":507,"date":"2023-01-10T11:21:17","date_gmt":"2023-01-10T11:21:17","guid":{"rendered":"http:\/\/bigbox.net.br\/?post_type=product&#038;p=507"},"modified":"2025-05-21T13:53:40","modified_gmt":"2025-05-21T13:53:40","slug":"poltrona-plastica-baixa","status":"publish","type":"product","link":"https:\/\/bigbox.net.br\/index.php\/product\/poltrona-plastica-baixa\/","title":{"rendered":"Poltrona Pl\u00e1stica Baixa: Conforto UV e INMETRO"},"content":{"rendered":"<h2 data-sourcepos=\"5:1-5:51\">Poltrona Pl\u00e1stica Baixa: Conforto e Durabilidade<\/h2>\n<p data-sourcepos=\"7:1-7:377\">A <strong>Poltrona Pl\u00e1stica Baixa<\/strong> da Big Box Pl\u00e1sticos \u00e9 a escolha ideal para quem busca conforto e resist\u00eancia em um s\u00f3 item. Feita de resina (polipropileno) de alta qualidade e com prote\u00e7\u00e3o UV, ela garante durabilidade mesmo sob o sol. Esta poltrona \u00e9 perfeita para varandas, jardins, \u00e1reas de piscina ou qualquer outro ambiente que precise de um toque de conforto e praticidade.<\/p>\n<h3 data-sourcepos=\"9:1-9:46\">Design Ergon\u00f4mico e Empilhamento Eficiente<\/h3>\n<p data-sourcepos=\"11:1-11:536\">Esta poltrona \u00e9 monobloco, o que significa que \u00e9 uma pe\u00e7a \u00fanica, sem emendas, garantindo maior resist\u00eancia. Ela conta com apoio de bra\u00e7os e um espaldar ripado verticalmente, proporcionando um design moderno e arejado. Sendo empilh\u00e1vel, a <strong>Poltrona Pl\u00e1stica Baixa<\/strong> ajuda a otimizar o espa\u00e7o de armazenamento, sendo muito pr\u00e1tica para guardar quando n\u00e3o estiver em uso. Al\u00e9m disso, ela tem certifica\u00e7\u00e3o do INMETRO e 3 anos de garantia contra defeitos de fabrica\u00e7\u00e3o, o que mostra a confian\u00e7a da Big Box Pl\u00e1sticos na qualidade do produto.<\/p>\n<h3 data-sourcepos=\"13:1-13:45\">Robustez e Medidas Ideais para Seu Espa\u00e7o<\/h3>\n<p data-sourcepos=\"15:1-15:103\">A poltrona suporta uma carga est\u00e1tica de at\u00e9 140 kg, o que a torna segura e robusta para diversos usos.<\/p>\n<h4 data-sourcepos=\"17:1-17:40\">Dimens\u00f5es para um Conforto Perfeito<\/h4>\n<p data-sourcepos=\"19:1-19:50\">Confira as dimens\u00f5es exatas para planejar seu uso:<\/p>\n<ul data-sourcepos=\"21:1-24:0\">\n<li data-sourcepos=\"21:1-21:138\"><strong>Altura:<\/strong> 80 cm (o valor de 800 cm na descri\u00e7\u00e3o original parece ser um erro de digita\u00e7\u00e3o e foi corrigido para um valor mais realista).<\/li>\n<li data-sourcepos=\"22:1-22:21\"><strong>Largura:<\/strong> 60 cm.<\/li>\n<li data-sourcepos=\"23:1-24:0\"><strong>Comprimento:<\/strong> 56 cm.<\/li>\n<\/ul>\n<p data-sourcepos=\"25:1-25:201\">A <strong>Poltrona Pl\u00e1stica Baixa<\/strong> combina resist\u00eancia, conforto e um design que se adapta a v\u00e1rios ambientes. Invista em um produto de qualidade que oferece durabilidade e praticidade para o seu dia a dia.<\/p>\n<p data-sourcepos=\"25:1-25:201\">REF: 25397<\/p>\n<p data-sourcepos=\"41:1-41:93\">Acompanhe a <a href=\"https:\/\/bigbox.net.br\/index.php\/produtos\/\">BIG BOX PL\u00c1STICOS<\/a> nas redes sociais e descubra conte\u00fados exclusivos e novidades!<\/p>\n<p data-sourcepos=\"41:1-41:93\"><a href=\"https:\/\/www.facebook.com\/bigboxplasticos\/\"><img decoding=\"async\" class=\"alignnone wp-image-1993 size-full\" src=\"https:\/\/bigbox.net.br\/wp-content\/uploads\/2023\/10\/facebook.png\" alt=\"\" width=\"32\" height=\"32\" \/><\/a> \u00a0<a href=\"https:\/\/www.instagram.com\/bigboxplasticos\/\"><img decoding=\"async\" class=\"alignnone wp-image-1994 size-full\" src=\"https:\/\/bigbox.net.br\/wp-content\/uploads\/2023\/10\/instagram.png\" alt=\"\" width=\"32\" height=\"32\" \/><\/a><\/p>\n<p>&nbsp;<\/p>\n<p>&nbsp;<\/p>\n","protected":false},"excerpt":{"rendered":"<p>&#8216;- <strong>Refer\u00eancia<\/strong>: 1908<br \/>\n&#8211; <strong>Capacidade<\/strong>: at\u00e9 140kg<br \/>\n&#8211; <strong>Dimens\u00f5es (cm)<\/strong>: 80 x 60 x 56<\/p>\n","protected":false},"featured_media":578,"comment_status":"open","ping_status":"closed","template":"","meta":{"_joinchat":[]},"product_brand":[],"product_cat":[36,34],"product_tag":[],"class_list":{"0":"post-507","1":"product","2":"type-product","3":"status-publish","4":"has-post-thumbnail","6":"product_cat-cadeiras-plasticas","7":"product_cat-moveis-plasticos","9":"first","10":"instock","11":"shipping-taxable","12":"product-type-simple"},"aioseo_notices":[],"_links":{"self":[{"href":"https:\/\/bigbox.net.br\/index.php\/wp-json\/wp\/v2\/product\/507","targetHints":{"allow":["GET"]}}],"collection":[{"href":"https:\/\/bigbox.net.br\/index.php\/wp-json\/wp\/v2\/product"}],"about":[{"href":"https:\/\/bigbox.net.br\/index.php\/wp-json\/wp\/v2\/types\/product"}],"replies":[{"embeddable":true,"href":"https:\/\/bigbox.net.br\/index.php\/wp-json\/wp\/v2\/comments?post=507"}],"version-history":[{"count":4,"href":"https:\/\/bigbox.net.br\/index.php\/wp-json\/wp\/v2\/product\/507\/revisions"}],"predecessor-version":[{"id":2359,"href":"https:\/\/bigbox.net.br\/index.php\/wp-json\/wp\/v2\/product\/507\/revisions\/2359"}],"wp:featuredmedia":[{"embeddable":true,"href":"https:\/\/bigbox.net.br\/index.php\/wp-json\/wp\/v2\/media\/578"}],"wp:attachment":[{"href":"https:\/\/bigbox.net.br\/index.php\/wp-json\/wp\/v2\/media?parent=507"}],"wp:term":[{"taxonomy":"product_brand","embeddable":true,"href":"https:\/\/bigbox.net.br\/index.php\/wp-json\/wp\/v2\/product_brand?post=507"},{"taxonomy":"product_cat","embeddable":true,"href":"https:\/\/bigbox.net.br\/index.php\/wp-json\/wp\/v2\/product_cat?post=507"},{"taxonomy":"product_tag","embeddable":true,"href":"https:\/\/bigbox.net.br\/index.php\/wp-json\/wp\/v2\/product_tag?post=507"}],"curies":[{"name":"wp","href":"https:\/\/api.w.org\/{rel}","templated":true}]}}