{"id":597,"date":"2023-01-10T11:22:28","date_gmt":"2023-01-10T11:22:28","guid":{"rendered":"http:\/\/bigbox.net.br\/?post_type=product&#038;p=597"},"modified":"2026-04-01T18:28:20","modified_gmt":"2026-04-01T18:28:20","slug":"caixa-plastica-modelo-1030","status":"publish","type":"product","link":"https:\/\/bigbox.net.br\/index.php\/product\/caixa-plastica-modelo-1030\/","title":{"rendered":"Caixa de Armazenamento 372L com Alta Resist\u00eancia"},"content":{"rendered":"<h2 class=\"\" data-start=\"421\" data-end=\"494\"><strong data-start=\"424\" data-end=\"494\">Caixa de Armazenamento 372L: Versatilidade e Durabilidade<\/strong><\/h2>\n<h3 class=\"\" data-start=\"496\" data-end=\"547\"><strong data-start=\"500\" data-end=\"547\">Organiza\u00e7\u00e3o eficiente com m\u00e1xima capacidade<\/strong><\/h3>\n<p class=\"\" data-start=\"549\" data-end=\"867\">A <strong data-start=\"551\" data-end=\"591\">caixa\u00a0 de armazenamento 372L<\/strong> \u00e9 a escolha ideal para quem busca praticidade, resist\u00eancia e seguran\u00e7a no transporte e estocagem de produtos. Com capacidade para 372 litros, \u00e9 fabricada em polipropileno (PP) ou polietileno de alta densidade (PEAD), garantindo alta durabilidade mesmo em ambientes exigentes.<\/p>\n<h3 class=\"\" data-start=\"869\" data-end=\"915\"><strong data-start=\"873\" data-end=\"915\">Design robusto com tecnologia de ponta<\/strong><\/h3>\n<p class=\"\" data-start=\"917\" data-end=\"1230\">Esse modelo \u00e9 produzido com m\u00e1quinas modernas, o que assegura acabamento de qualidade e longa vida \u00fatil. Seu design fechado protege os itens armazenados contra sujeira, umidade e impactos. \u00c9 poss\u00edvel adicionar tampa (modelo TP1030) e rod\u00edzios, que facilitam a movimenta\u00e7\u00e3o, tornando o manuseio mais \u00e1gil e seguro.<\/p>\n<h4 class=\"\" data-start=\"1232\" data-end=\"1264\"><strong data-start=\"1237\" data-end=\"1264\">Especifica\u00e7\u00f5es t\u00e9cnicas<\/strong><\/h4>\n<ul data-start=\"1266\" data-end=\"1432\">\n<li class=\"\" data-start=\"1266\" data-end=\"1292\">\n<p class=\"\" data-start=\"1268\" data-end=\"1292\"><strong data-start=\"1268\" data-end=\"1279\">Volume:<\/strong> 372 litros<\/p>\n<\/li>\n<li class=\"\" data-start=\"1293\" data-end=\"1330\">\n<p class=\"\" data-start=\"1295\" data-end=\"1330\"><strong data-start=\"1295\" data-end=\"1304\">Peso:<\/strong> Aproximadamente 14,8 kg<\/p>\n<\/li>\n<li class=\"\" data-start=\"1331\" data-end=\"1375\">\n<p class=\"\" data-start=\"1333\" data-end=\"1375\"><strong data-start=\"1333\" data-end=\"1346\">Material:<\/strong> Polipropileno (PP) ou PEAD<\/p>\n<\/li>\n<li class=\"\" data-start=\"1376\" data-end=\"1406\">\n<p class=\"\" data-start=\"1378\" data-end=\"1406\"><strong data-start=\"1378\" data-end=\"1397\">Tampa opcional:<\/strong> TP1030<\/p>\n<\/li>\n<li class=\"\" data-start=\"1407\" data-end=\"1432\">\n<p class=\"\" data-start=\"1409\" data-end=\"1432\"><strong data-start=\"1409\" data-end=\"1422\">Rod\u00edzios:<\/strong> opcionais<\/p>\n<\/li>\n<\/ul>\n<h4 class=\"\" data-start=\"1434\" data-end=\"1452\"><strong data-start=\"1439\" data-end=\"1452\">Dimens\u00f5es<\/strong><\/h4>\n<ul data-start=\"1454\" data-end=\"1623\">\n<li class=\"\" data-start=\"1454\" data-end=\"1538\">\n<p class=\"\" data-start=\"1456\" data-end=\"1476\"><strong data-start=\"1456\" data-end=\"1474\">Externas (mm):<\/strong><\/p>\n<ul data-start=\"1479\" data-end=\"1538\">\n<li class=\"\" data-start=\"1479\" data-end=\"1495\">\n<p class=\"\" data-start=\"1481\" data-end=\"1495\">Largura: 710<\/p>\n<\/li>\n<li class=\"\" data-start=\"1498\" data-end=\"1520\">\n<p class=\"\" data-start=\"1500\" data-end=\"1520\">Profundidade: 1160<\/p>\n<\/li>\n<li class=\"\" data-start=\"1523\" data-end=\"1538\">\n<p class=\"\" data-start=\"1525\" data-end=\"1538\">Altura: 970<\/p>\n<\/li>\n<\/ul>\n<\/li>\n<li class=\"\" data-start=\"1540\" data-end=\"1623\">\n<p class=\"\" data-start=\"1542\" data-end=\"1562\"><strong data-start=\"1542\" data-end=\"1560\">Internas (mm):<\/strong><\/p>\n<ul data-start=\"1565\" data-end=\"1623\">\n<li class=\"\" data-start=\"1565\" data-end=\"1581\">\n<p class=\"\" data-start=\"1567\" data-end=\"1581\">Largura: 655<\/p>\n<\/li>\n<li class=\"\" data-start=\"1584\" data-end=\"1605\">\n<p class=\"\" data-start=\"1586\" data-end=\"1605\">Profundidade: 980<\/p>\n<\/li>\n<li class=\"\" data-start=\"1608\" data-end=\"1623\">\n<p class=\"\" data-start=\"1610\" data-end=\"1623\">Altura: 580<\/p>\n<\/li>\n<\/ul>\n<\/li>\n<\/ul>\n<h3 class=\"\" data-start=\"1625\" data-end=\"1664\"><strong data-start=\"1629\" data-end=\"1664\">Ideal para m\u00faltiplas aplica\u00e7\u00f5es<\/strong><\/h3>\n<p class=\"\" data-start=\"1666\" data-end=\"1930\">Perfeita para centros de distribui\u00e7\u00e3o, ind\u00fastrias e transporte log\u00edstico. Seu formato empilh\u00e1vel otimiza espa\u00e7o, e sua estrutura suporta carga com seguran\u00e7a. Essa caixa pl\u00e1stica \u00e9 tamb\u00e9m uma excelente escolha para armazenagem em ambientes industriais e comerciais.<\/p>\n<hr class=\"\" data-start=\"1932\" data-end=\"1935\" \/>\n<h3 class=\"\" data-start=\"1937\" data-end=\"1976\"><strong data-start=\"1941\" data-end=\"1976\">Garantia e recomenda\u00e7\u00f5es de uso<\/strong><\/h3>\n<p class=\"\" data-start=\"1978\" data-end=\"2159\">Este produto tem <strong data-start=\"1995\" data-end=\"2016\">1 ano de garantia<\/strong> contra defeitos de fabrica\u00e7\u00e3o. Evite exposi\u00e7\u00e3o prolongada ao sol e ao mau uso, pois isso pode comprometer sua integridade e anular a garantia.<\/p>\n<p data-start=\"1978\" data-end=\"2159\">REF: 25457<\/p>\n<p>&nbsp;<\/p>\n<p data-sourcepos=\"41:1-41:93\">Acompanhe a <a href=\"https:\/\/bigbox.net.br\/index.php\/produtos\/\">BIG BOX PL\u00c1STICOS<\/a> nas redes sociais e descubra conte\u00fados exclusivos e novidades!<\/p>\n<p data-sourcepos=\"41:1-41:93\"><a href=\"https:\/\/www.facebook.com\/bigboxplasticos\/\"><img decoding=\"async\" class=\"alignnone wp-image-1993 size-full\" src=\"https:\/\/bigbox.net.br\/wp-content\/uploads\/2023\/10\/facebook.png\" alt=\"\" width=\"32\" height=\"32\" \/><\/a> \u00a0<a href=\"https:\/\/www.instagram.com\/bigboxplasticos\/\"><img decoding=\"async\" class=\"alignnone wp-image-1994 size-full\" src=\"https:\/\/bigbox.net.br\/wp-content\/uploads\/2023\/10\/instagram.png\" alt=\"\" width=\"32\" height=\"32\" \/><\/a><\/p>\n<p>&nbsp;<\/p>\n<p>&nbsp;<\/p>\n","protected":false},"excerpt":{"rendered":"<p><span style=\"vertical-align: inherit;\"><span style=\"vertical-align: inherit;\">&#8216;- <\/span><\/span><strong><span style=\"vertical-align: inherit;\"><span style=\"vertical-align: inherit;\">Refer\u00eancia<\/span><\/span><\/strong><span style=\"vertical-align: inherit;\"><span style=\"vertical-align: inherit;\"> : 519 <\/span><\/span><br \/>\n<span style=\"vertical-align: inherit;\"><span style=\"vertical-align: inherit;\">&#8211; <\/span><\/span><strong><span style=\"vertical-align: inherit;\"><span style=\"vertical-align: inherit;\">Capacidade<\/span><\/span><\/strong><span style=\"vertical-align: inherit;\"><span style=\"vertical-align: inherit;\"> : 372 litros <\/span><\/span><br \/>\n<span style=\"vertical-align: inherit;\"><span style=\"vertical-align: inherit;\">&#8211; <\/span><\/span><strong><span style=\"vertical-align: inherit;\"><span style=\"vertical-align: inherit;\">Dimens\u00f5es (mm)<\/span><\/span><\/strong><span style=\"vertical-align: inherit;\"><span style=\"vertical-align: inherit;\"> : 970 x 710 x 1160<\/span><\/span><\/p>\n","protected":false},"featured_media":2415,"comment_status":"open","ping_status":"closed","template":"","meta":{"_joinchat":[]},"product_brand":[],"product_cat":[18,19],"product_tag":[],"class_list":{"0":"post-597","1":"product","2":"type-product","3":"status-publish","4":"has-post-thumbnail","6":"product_cat-caixas","7":"product_cat-caixas-plasticas-fechadas","9":"first","10":"instock","11":"featured","12":"shipping-taxable","13":"product-type-simple"},"aioseo_notices":[],"_links":{"self":[{"href":"https:\/\/bigbox.net.br\/index.php\/wp-json\/wp\/v2\/product\/597","targetHints":{"allow":["GET"]}}],"collection":[{"href":"https:\/\/bigbox.net.br\/index.php\/wp-json\/wp\/v2\/product"}],"about":[{"href":"https:\/\/bigbox.net.br\/index.php\/wp-json\/wp\/v2\/types\/product"}],"replies":[{"embeddable":true,"href":"https:\/\/bigbox.net.br\/index.php\/wp-json\/wp\/v2\/comments?post=597"}],"version-history":[{"count":7,"href":"https:\/\/bigbox.net.br\/index.php\/wp-json\/wp\/v2\/product\/597\/revisions"}],"predecessor-version":[{"id":3631,"href":"https:\/\/bigbox.net.br\/index.php\/wp-json\/wp\/v2\/product\/597\/revisions\/3631"}],"wp:featuredmedia":[{"embeddable":true,"href":"https:\/\/bigbox.net.br\/index.php\/wp-json\/wp\/v2\/media\/2415"}],"wp:attachment":[{"href":"https:\/\/bigbox.net.br\/index.php\/wp-json\/wp\/v2\/media?parent=597"}],"wp:term":[{"taxonomy":"product_brand","embeddable":true,"href":"https:\/\/bigbox.net.br\/index.php\/wp-json\/wp\/v2\/product_brand?post=597"},{"taxonomy":"product_cat","embeddable":true,"href":"https:\/\/bigbox.net.br\/index.php\/wp-json\/wp\/v2\/product_cat?post=597"},{"taxonomy":"product_tag","embeddable":true,"href":"https:\/\/bigbox.net.br\/index.php\/wp-json\/wp\/v2\/product_tag?post=597"}],"curies":[{"name":"wp","href":"https:\/\/api.w.org\/{rel}","templated":true}]}}