{"id":606,"date":"2023-01-10T11:22:28","date_gmt":"2023-01-10T11:22:28","guid":{"rendered":"http:\/\/bigbox.net.br\/?post_type=product&#038;p=606"},"modified":"2025-04-22T16:51:02","modified_gmt":"2025-04-22T16:51:02","slug":"caixa-plastica-com-tampa-bipartida-modelo-4328","status":"publish","type":"product","link":"https:\/\/bigbox.net.br\/index.php\/product\/caixa-plastica-com-tampa-bipartida-modelo-4328\/","title":{"rendered":"Caixa com Tampa Bipartida 21 litros (ref 4328)"},"content":{"rendered":"<h2>Caixa Modelo 4328<br \/><small>com Tampa Bipartida<\/small><\/h2>\n<p>Este modelo \u00e9 muito utilizada em sistemas automatizados\/semi automatizados na separa\u00e7\u00e3o de pedidos, tamb\u00e9m s\u00e3o utilizadas na unidade de manuten\u00e7\u00e3o de estoque em armaz\u00e9m de log\u00edstica \u2013 SKU (Stock Kepping Unit). Possui fundo antiderrapante e plano para suave deslize em esteira de roletes com baixo ru\u00eddo. Ideal para otimiza\u00e7\u00e3o de espa\u00e7o, quando vazias permitem um layout limpo na alimenta\u00e7\u00e3o de sistemas.<\/p>\n<h5>Principais caracter\u00edsticas<\/h5>\n<hr \/>\n<ul>\n<li><b>Volume<\/b>: 20 litros;<\/li>\n<li><b>Peso Aproximado<\/b>: 1,6 kg<\/li>\n<li><b>Material de confec\u00e7\u00e3o<\/b>: Polipropileno<\/li>\n<\/ul>\n<h5>Dimens\u00f5es (mm)<\/h5>\n<hr \/>\n<p>[one_second]<img decoding=\"async\" src=\"https:\/\/bigboxplasticos.com.br\/wp-content\/uploads\/2019\/10\/caixa-plastica-com-tampa-bipartida-modelo-3222-dimensoes.png\" alt=\"\" width=\"100%\" class=\"aligncenter\" \/>[\/one_second][one_second]<\/p>\n<table>\n<tbody>\n<tr>\n<th colspan=\"4\" align=\"center\">Medidas Externas<\/th>\n<\/tr>\n<tr>\n<td>(A) Altura<\/td>\n<td colspan=\"3\">280<\/td>\n<\/tr>\n<tr>\n<td>(B) Largura<\/td>\n<td colspan=\"3\">300<\/td>\n<\/tr>\n<tr>\n<td>(C) Profundidade<\/td>\n<td colspan=\"3\">400<\/td>\n<\/tr>\n<tr>\n<th colspan=\"4\" align=\"center\">Medidas Internas<\/th>\n<\/tr>\n<tr>\n<td>(A) Altura<\/td>\n<td colspan=\"3\">251<\/td>\n<\/tr>\n<tr>\n<td>(B) Largura (Base)<\/td>\n<td>227<\/td>\n<td>(B) Largura (Topo)<\/td>\n<td>263<\/td>\n<\/tr>\n<tr>\n<td>(C) Profundidade (Base)<\/td>\n<td>314<\/td>\n<td>(C) Profundidade (Topo)<\/td>\n<td>345<\/td>\n<\/tr>\n<\/tbody>\n<\/table>\n<p>[\/one_second]<br \/>\n[one]<\/p>\n<h5>Garantia<\/h5>\n<hr \/>\n<p>Este produto possui 1 ano de garantia contra defeitos de fabrica\u00e7\u00e3o. Em caso de mau uso, intemperes naturais e transporte inadequado, este produto n\u00e3o ter\u00e1 cobertura pela garantia.<\/p>\n<p>[\/one]<\/p>\n","protected":false},"excerpt":{"rendered":"<p>&#8216;- <strong>Refer\u00eancia<\/strong>:<br \/>\n&#8211; <strong>Capacidade<\/strong>: 20 litros<br \/>\n&#8211; <strong>Dimens\u00f5es (mm)<\/strong>: 280 x 300 x 400<\/p>\n","protected":false},"featured_media":703,"comment_status":"open","ping_status":"closed","template":"","meta":{"_joinchat":[]},"product_brand":[],"product_cat":[18,20],"product_tag":[],"class_list":{"0":"post-606","1":"product","2":"type-product","3":"status-publish","4":"has-post-thumbnail","6":"product_cat-caixas","7":"product_cat-caixas-com-tampa-bipartida","9":"first","10":"instock","11":"shipping-taxable","12":"product-type-simple"},"aioseo_notices":[],"_links":{"self":[{"href":"https:\/\/bigbox.net.br\/index.php\/wp-json\/wp\/v2\/product\/606","targetHints":{"allow":["GET"]}}],"collection":[{"href":"https:\/\/bigbox.net.br\/index.php\/wp-json\/wp\/v2\/product"}],"about":[{"href":"https:\/\/bigbox.net.br\/index.php\/wp-json\/wp\/v2\/types\/product"}],"replies":[{"embeddable":true,"href":"https:\/\/bigbox.net.br\/index.php\/wp-json\/wp\/v2\/comments?post=606"}],"version-history":[{"count":3,"href":"https:\/\/bigbox.net.br\/index.php\/wp-json\/wp\/v2\/product\/606\/revisions"}],"predecessor-version":[{"id":1304,"href":"https:\/\/bigbox.net.br\/index.php\/wp-json\/wp\/v2\/product\/606\/revisions\/1304"}],"wp:featuredmedia":[{"embeddable":true,"href":"https:\/\/bigbox.net.br\/index.php\/wp-json\/wp\/v2\/media\/703"}],"wp:attachment":[{"href":"https:\/\/bigbox.net.br\/index.php\/wp-json\/wp\/v2\/media?parent=606"}],"wp:term":[{"taxonomy":"product_brand","embeddable":true,"href":"https:\/\/bigbox.net.br\/index.php\/wp-json\/wp\/v2\/product_brand?post=606"},{"taxonomy":"product_cat","embeddable":true,"href":"https:\/\/bigbox.net.br\/index.php\/wp-json\/wp\/v2\/product_cat?post=606"},{"taxonomy":"product_tag","embeddable":true,"href":"https:\/\/bigbox.net.br\/index.php\/wp-json\/wp\/v2\/product_tag?post=606"}],"curies":[{"name":"wp","href":"https:\/\/api.w.org\/{rel}","templated":true}]}}