{"id":608,"date":"2023-01-10T11:22:29","date_gmt":"2023-01-10T11:22:29","guid":{"rendered":"http:\/\/bigbox.net.br\/?post_type=product&#038;p=608"},"modified":"2025-05-13T15:00:20","modified_gmt":"2025-05-13T15:00:20","slug":"caixa-plastica-com-tampa-bipartida-modelo-5334","status":"publish","type":"product","link":"https:\/\/bigbox.net.br\/index.php\/product\/caixa-plastica-com-tampa-bipartida-modelo-5334\/","title":{"rendered":"Caixa Pl\u00e1stica 40 Litros Tampa Bipartida | Big Box"},"content":{"rendered":"<h2 data-sourcepos=\"9:1-9:71\"><strong>Caixa Pl\u00e1stica 40 Litros Tampa Bipartida: Otimize sua Log\u00edstica!<\/strong><\/h2>\n<h3 data-sourcepos=\"11:1-11:48\"><strong>Organiza\u00e7\u00e3o Inteligente para Seu Neg\u00f3cio<\/strong><\/h3>\n<p data-sourcepos=\"13:1-13:278\">Esta <strong>caixa pl\u00e1stica 40 litros com tampa bipartida<\/strong> (ref. 5334) \u00e9 a solu\u00e7\u00e3o ideal para otimizar processos log\u00edsticos e a organiza\u00e7\u00e3o do seu estoque. Desenhada para alta performance, essa <strong>caixa pl\u00e1stica<\/strong> modelo 5334 oferece durabilidade e praticidade em diversas aplica\u00e7\u00f5es.<\/p>\n<h3 data-sourcepos=\"15:1-15:42\"><strong>Ideal para Automa\u00e7\u00e3o e Armazenagem<\/strong><\/h3>\n<p data-sourcepos=\"17:1-17:381\">Principalmente utilizada em sistemas automatizados e semi automatizados na separa\u00e7\u00e3o de pedidos, essa <strong>caixa pl\u00e1stica<\/strong> tamb\u00e9m se destaca na unidade de manuten\u00e7\u00e3o de estoque em armaz\u00e9ns de log\u00edstica (SKU). Al\u00e9m disso, seu fundo antiderrapante e plano garante um suave deslizamento em esteiras de roletes, com baixo n\u00edvel de ru\u00eddo, proporcionando maior efici\u00eancia no seu dia a dia.<\/p>\n<h4 data-sourcepos=\"19:1-19:39\"><strong>Design Inteligente e Funcional<\/strong><\/h4>\n<p data-sourcepos=\"21:1-21:465\">Quando vazias, essas caixas permitem um layout limpo na alimenta\u00e7\u00e3o de sistemas, otimizando o espa\u00e7o dispon\u00edvel. Fabricada em polipropileno de alta qualidade, essa <strong>caixa pl\u00e1stica 40 litros<\/strong> possui dimens\u00f5es externas de 340mm (altura) x 300mm (largura) x 520mm (profundidade) e internas de 310mm (altura) x 270\/290mm (largura base\/topo) x 435\/460mm (profundidade base\/topo). Com peso aproximado de 2,6 kg, oferece a combina\u00e7\u00e3o perfeita entre leveza e resist\u00eancia.<\/p>\n<h4 data-sourcepos=\"23:1-23:44\"><strong>Qualidade e Durabilidade Garantidas<\/strong><\/h4>\n<p data-sourcepos=\"25:1-25:262\">A <strong>caixa pl\u00e1stica 40 litros com tampa bipartida<\/strong> possui 1 ano de garantia contra defeitos de fabrica\u00e7\u00e3o, assegurando a sua qualidade e durabilidade. Invista na organiza\u00e7\u00e3o e efici\u00eancia do seu neg\u00f3cio com essa solu\u00e7\u00e3o pr\u00e1tica e inteligente da Big Box Pl\u00e1sticos!<\/p>\n<p>p data-sourcepos=&#8221;41:1-41:93&#8243;>Acompanhe a <a href=\"https:\/\/bigbox.net.br\/index.php\/produtos\/\">BIG BOX PL\u00c1STICOS<\/a> nas redes sociais e descubra conte\u00fados exclusivos e novidades!<\/p>\n<p data-sourcepos=\"41:1-41:93\"><a href=\"https:\/\/www.facebook.com\/bigboxplasticos\/\"><img decoding=\"async\" class=\"alignnone wp-image-1993 size-full\" src=\"https:\/\/bigbox.net.br\/wp-content\/uploads\/2023\/10\/facebook.png\" alt=\"\" width=\"32\" height=\"32\" \/><\/a> \u00a0<a href=\"https:\/\/www.instagram.com\/bigboxplasticos\/\"><img decoding=\"async\" class=\"alignnone wp-image-1994 size-full\" src=\"https:\/\/bigbox.net.br\/wp-content\/uploads\/2023\/10\/instagram.png\" alt=\"\" width=\"32\" height=\"32\" \/><\/a><\/p>\n<p>&nbsp;<\/p>\n<p>&nbsp;<\/p>\n","protected":false},"excerpt":{"rendered":"<h6>Medidas(mm): 520x300x340<\/h6>\n<h6><strong>Capacidade<\/strong>: 40 litros<\/h6>\n<p>&nbsp;<\/p>\n","protected":false},"featured_media":712,"comment_status":"open","ping_status":"closed","template":"","meta":{"_joinchat":[]},"product_brand":[],"product_cat":[18,20],"product_tag":[],"class_list":{"0":"post-608","1":"product","2":"type-product","3":"status-publish","4":"has-post-thumbnail","6":"product_cat-caixas","7":"product_cat-caixas-com-tampa-bipartida","9":"first","10":"instock","11":"shipping-taxable","12":"product-type-simple"},"aioseo_notices":[],"_links":{"self":[{"href":"https:\/\/bigbox.net.br\/index.php\/wp-json\/wp\/v2\/product\/608","targetHints":{"allow":["GET"]}}],"collection":[{"href":"https:\/\/bigbox.net.br\/index.php\/wp-json\/wp\/v2\/product"}],"about":[{"href":"https:\/\/bigbox.net.br\/index.php\/wp-json\/wp\/v2\/types\/product"}],"replies":[{"embeddable":true,"href":"https:\/\/bigbox.net.br\/index.php\/wp-json\/wp\/v2\/comments?post=608"}],"version-history":[{"count":9,"href":"https:\/\/bigbox.net.br\/index.php\/wp-json\/wp\/v2\/product\/608\/revisions"}],"predecessor-version":[{"id":2314,"href":"https:\/\/bigbox.net.br\/index.php\/wp-json\/wp\/v2\/product\/608\/revisions\/2314"}],"wp:featuredmedia":[{"embeddable":true,"href":"https:\/\/bigbox.net.br\/index.php\/wp-json\/wp\/v2\/media\/712"}],"wp:attachment":[{"href":"https:\/\/bigbox.net.br\/index.php\/wp-json\/wp\/v2\/media?parent=608"}],"wp:term":[{"taxonomy":"product_brand","embeddable":true,"href":"https:\/\/bigbox.net.br\/index.php\/wp-json\/wp\/v2\/product_brand?post=608"},{"taxonomy":"product_cat","embeddable":true,"href":"https:\/\/bigbox.net.br\/index.php\/wp-json\/wp\/v2\/product_cat?post=608"},{"taxonomy":"product_tag","embeddable":true,"href":"https:\/\/bigbox.net.br\/index.php\/wp-json\/wp\/v2\/product_tag?post=608"}],"curies":[{"name":"wp","href":"https:\/\/api.w.org\/{rel}","templated":true}]}}